{"id":1201,"date":"2020-01-22T14:24:54","date_gmt":"2020-01-22T14:24:54","guid":{"rendered":"http:\/\/brodal.ee\/?page_id=1201"},"modified":"2025-06-02T08:45:23","modified_gmt":"2025-06-02T08:45:23","slug":"team","status":"publish","type":"page","link":"https:\/\/brodal.ee\/?page_id=1201","title":{"rendered":"Team"},"content":{"rendered":"<p>[vc_row overflow=&#8221;default&#8221; css=&#8221;.vc_custom_1579706312797{padding-top: 10% !important;}&#8221; margin_tablet=&#8221;30px 0px 30px 0px&#8221;][vc_column][vc_column_text css=&#8221;.vc_custom_1579705323722{padding-left: 20% !important;}&#8221;]<\/p>\n<h1>Meet the team<\/h1>\n<p>[\/vc_column_text][\/vc_column][vc_column width=&#8221;1\/5&#8243; overflow=&#8221;default&#8221;][\/vc_column][vc_column width=&#8221;1\/5&#8243; max_width_alignment_mobile=&#8221;center&#8221; overflow=&#8221;default&#8221;]\r\n<div class=\"sh-team sh-team-style4 sh-team-social-standard\" id=\"team-1J0psuKqPB\">\r\n\t\r\n\t\t<div class=\"sh-team-image\">\r\n\t\t\t<a href=\"https:\/\/brodal.ee\/wp-content\/uploads\/2020\/01\/Gela-1024x1024.jpg\" class=\"\" rel=\"lightbox\">\r\n\t\t\t\t\t\t\t\t\t<div class=\"ratio-container\" style=\"padding-top: 100%;\">\r\n\t\t\t\t\t\t<div class=\"ratio-content\">\r\n\t\t\t\t\t\t\t<img class=\"sh-image-url lazy\" data-src=\"https:\/\/brodal.ee\/wp-content\/uploads\/2020\/01\/Gela-660x660.jpg\" alt=\"\" \/>\r\n\t\t\t\t\t\t<\/div>\r\n\t\t\t\t\t<\/div>\r\n\t\t\t\t\t\t\t<\/a>\r\n\r\n\t\t\t\t\t<\/div>\r\n\r\n\t\t<div class=\"sh-team-aside\">\r\n\t\t\t<div class=\"sh-team-name\">\r\n\t\t\t\t<h3>Gela Karlyshev<\/h3>\r\n\t\t\t<\/div>\r\n\t\t\t<div class=\"sh-team-role\">\r\n\t\t\t\tFounder, CEO\t\t\t<\/div>\r\n\r\n\t\t\t<div class=\"sh-team-description\">\r\n\t\t\t\tGela graduated from the mechanical faculty of Tallinn Technical University with a degree in mechanical engineering. After graduation, he worked as a design engineer at Estoplast. Later he started with his own private company, making at the early stage commodity trading. As of today, he has been engaged in real estate sector for 20 years.\t\t\t<\/div>\r\n\r\n\t\t\t\t\t<\/div>\r\n\r\n\t<\/div>\r\n            <style type=\"text\/css\">\r\n                #team-1J0psuKqPB .sh-team-role {color: #000000!important;}#team-1J0psuKqPB.sh-team-social-overlay .sh-team-icons {background-color: #c18a54;}            <\/style>\r\n        [\/vc_column][vc_column width=&#8221;1\/5&#8243; max_width_alignment_mobile=&#8221;center&#8221; overflow=&#8221;default&#8221;]\r\n<div class=\"sh-team sh-team-style4 sh-team-social-standard\" id=\"team-3OVqPoaDR8\">\r\n\t\r\n\t\t<div class=\"sh-team-image\">\r\n\t\t\t<a href=\"https:\/\/brodal.ee\/wp-content\/uploads\/2020\/01\/eugene-4.jpg\" class=\"\" rel=\"lightbox\">\r\n\t\t\t\t\t\t\t\t\t<div class=\"ratio-container\" style=\"padding-top: 100%;\">\r\n\t\t\t\t\t\t<div class=\"ratio-content\">\r\n\t\t\t\t\t\t\t<img class=\"sh-image-url lazy\" data-src=\"https:\/\/brodal.ee\/wp-content\/uploads\/2020\/01\/eugene-4.jpg\" alt=\"\" \/>\r\n\t\t\t\t\t\t<\/div>\r\n\t\t\t\t\t<\/div>\r\n\t\t\t\t\t\t\t<\/a>\r\n\r\n\t\t\t\t\t<\/div>\r\n\r\n\t\t<div class=\"sh-team-aside\">\r\n\t\t\t<div class=\"sh-team-name\">\r\n\t\t\t\t<h3>Jevgeny Lustin<\/h3>\r\n\t\t\t<\/div>\r\n\t\t\t<div class=\"sh-team-role\">\r\n\t\t\t\tHead of Development\t\t\t<\/div>\r\n\r\n\t\t\t<div class=\"sh-team-description\">\r\n\t\t\t\tJevgeny graduated from the Institute of Industrial Management, Economics and Trade of Peter the Great PolytechnicAL University in Saint-Petersburg.\t\t\t<\/div>\r\n\r\n\t\t\t\t\t<\/div>\r\n\r\n\t<\/div>\r\n            <style type=\"text\/css\">\r\n                #team-3OVqPoaDR8 .sh-team-role {color: #000000!important;}#team-3OVqPoaDR8.sh-team-social-overlay .sh-team-icons {background-color: #c18a54;}            <\/style>\r\n        [\/vc_column][vc_column width=&#8221;1\/5&#8243; overflow=&#8221;default&#8221;]\r\n<div class=\"sh-team sh-team-style4 sh-team-social-standard\" id=\"team-hxcDeoyRku\">\r\n\t\r\n\t\t<div class=\"sh-team-image\">\r\n\t\t\t<a href=\"https:\/\/brodal.ee\/wp-content\/uploads\/2020\/01\/Veikko-1024x1024.jpg\" class=\"\" rel=\"lightbox\">\r\n\t\t\t\t\t\t\t\t\t<div class=\"ratio-container\" style=\"padding-top: 100%;\">\r\n\t\t\t\t\t\t<div class=\"ratio-content\">\r\n\t\t\t\t\t\t\t<img class=\"sh-image-url lazy\" data-src=\"https:\/\/brodal.ee\/wp-content\/uploads\/2020\/01\/Veikko-660x660.jpg\" alt=\"\" \/>\r\n\t\t\t\t\t\t<\/div>\r\n\t\t\t\t\t<\/div>\r\n\t\t\t\t\t\t\t<\/a>\r\n\r\n\t\t\t\t\t<\/div>\r\n\r\n\t\t<div class=\"sh-team-aside\">\r\n\t\t\t<div class=\"sh-team-name\">\r\n\t\t\t\t<h3>Veikko Varik<\/h3>\r\n\t\t\t<\/div>\r\n\t\t\t<div class=\"sh-team-role\">\r\n\t\t\t\tBoard Member, Chief Legal Officer\t\t\t<\/div>\r\n\r\n\t\t\t<div class=\"sh-team-description\">\r\n\t\t\t\tVeikko graduated from the University of Tartu cum laude. He has a master&#8217;s degree in philosophy, his specialization is law and anthropology of religion. He is currently at the doctor\u2019s studies. Previously he worked as a lawyer in the banking sector, in the real estate company AS Arco Invest and in the law office AS R\u00f6dl&amp;Partnerid, as an adviser in the Ministry of Finance, as well as in the Council of state joint stock companies M\u00f6\u00f6blimaja and Ookean.\t\t\t<\/div>\r\n\r\n\t\t\t\t\t<\/div>\r\n\r\n\t<\/div>\r\n            <style type=\"text\/css\">\r\n                #team-hxcDeoyRku .sh-team-role {color: #000000!important;}#team-hxcDeoyRku.sh-team-social-overlay .sh-team-icons {background-color: #c18a54;}            <\/style>\r\n        [\/vc_column][vc_column width=&#8221;1\/5&#8243;][\/vc_column][\/vc_row][vc_row overflow=&#8221;default&#8221; margin_tablet=&#8221;30px 0px 30px 0px&#8221;][vc_column width=&#8221;1\/5&#8243; overflow=&#8221;default&#8221;][\/vc_column][vc_column width=&#8221;1\/5&#8243;]\r\n<div class=\"sh-team sh-team-style4 sh-team-social-standard\" id=\"team-soj3KzeVTW\">\r\n\t\r\n\t\t<div class=\"sh-team-image\">\r\n\t\t\t<a href=\"https:\/\/brodal.ee\/wp-content\/uploads\/2020\/01\/Jelena-1024x1024.jpg\" class=\"\" rel=\"lightbox\">\r\n\t\t\t\t\t\t\t\t\t<div class=\"ratio-container\" style=\"padding-top: 100%;\">\r\n\t\t\t\t\t\t<div class=\"ratio-content\">\r\n\t\t\t\t\t\t\t<img class=\"sh-image-url lazy\" data-src=\"https:\/\/brodal.ee\/wp-content\/uploads\/2020\/01\/Jelena-660x660.jpg\" alt=\"\" \/>\r\n\t\t\t\t\t\t<\/div>\r\n\t\t\t\t\t<\/div>\r\n\t\t\t\t\t\t\t<\/a>\r\n\r\n\t\t\t\t\t<\/div>\r\n\r\n\t\t<div class=\"sh-team-aside\">\r\n\t\t\t<div class=\"sh-team-name\">\r\n\t\t\t\t<h3>Jelena Bychkova<\/h3>\r\n\t\t\t<\/div>\r\n\t\t\t<div class=\"sh-team-role\">\r\n\t\t\t\tFinancial Manager\t\t\t<\/div>\r\n\r\n\t\t\t<div class=\"sh-team-description\">\r\n\t\t\t\tJelena graduated from the faculty of Economics of Tallinn Technical University with a degree in accounting and economic analysis. She has a Social Sciences Master&#8217;s degree. Jelena worked as a lecturer of finance at Tallinn Technical University and the University of Tartu. Jelena is an author of several textbooks for Universities and Estonian Banking Association. Prior to joining the company, she has worked in retail and investment banking, as well as in real estate companies.\t\t\t<\/div>\r\n\r\n\t\t\t\t\t<\/div>\r\n\r\n\t<\/div>\r\n            <style type=\"text\/css\">\r\n                #team-soj3KzeVTW .sh-team-role {color: #000000!important;}#team-soj3KzeVTW.sh-team-social-overlay .sh-team-icons {background-color: #c18a54;}            <\/style>\r\n        [\/vc_column][vc_column width=&#8221;1\/5&#8243;]\r\n<div class=\"sh-team sh-team-style4 sh-team-social-standard\" id=\"team-IqGMpAaFNk\">\r\n\t\r\n\t\t<div class=\"sh-team-image\">\r\n\t\t\t<a href=\"https:\/\/brodal.ee\/wp-content\/uploads\/2020\/01\/Olga-1024x1024.jpg\" class=\"\" rel=\"lightbox\">\r\n\t\t\t\t\t\t\t\t\t<div class=\"ratio-container\" style=\"padding-top: 100%;\">\r\n\t\t\t\t\t\t<div class=\"ratio-content\">\r\n\t\t\t\t\t\t\t<img class=\"sh-image-url lazy\" data-src=\"https:\/\/brodal.ee\/wp-content\/uploads\/2020\/01\/Olga-660x660.jpg\" alt=\"\" \/>\r\n\t\t\t\t\t\t<\/div>\r\n\t\t\t\t\t<\/div>\r\n\t\t\t\t\t\t\t<\/a>\r\n\r\n\t\t\t\t\t<\/div>\r\n\r\n\t\t<div class=\"sh-team-aside\">\r\n\t\t\t<div class=\"sh-team-name\">\r\n\t\t\t\t<h3>Olga Demidova<\/h3>\r\n\t\t\t<\/div>\r\n\t\t\t<div class=\"sh-team-role\">\r\n\t\t\t\tChief Accountant\t\t\t<\/div>\r\n\r\n\t\t\t<div class=\"sh-team-description\">\r\n\t\t\t\tOlga graduated from the faculty of Economics of Tallinn Technical University with a degree in accounting and economic analysis.\t\t\t<\/div>\r\n\r\n\t\t\t\t\t<\/div>\r\n\r\n\t<\/div>\r\n            <style type=\"text\/css\">\r\n                #team-IqGMpAaFNk .sh-team-role {color: #000000!important;}#team-IqGMpAaFNk.sh-team-social-overlay .sh-team-icons {background-color: #c18a54;}            <\/style>\r\n        [\/vc_column][vc_column width=&#8221;1\/5&#8243;]\r\n<div class=\"sh-team sh-team-style4 sh-team-social-standard\" id=\"team-C3uekAWzjH\">\r\n\t\r\n\t\t<div class=\"sh-team-image\">\r\n\t\t\t<a href=\"https:\/\/brodal.ee\/wp-content\/uploads\/2020\/01\/Arvo-1024x1024.jpg\" class=\"\" rel=\"lightbox\">\r\n\t\t\t\t\t\t\t\t\t<div class=\"ratio-container\" style=\"padding-top: 100%;\">\r\n\t\t\t\t\t\t<div class=\"ratio-content\">\r\n\t\t\t\t\t\t\t<img class=\"sh-image-url lazy\" data-src=\"https:\/\/brodal.ee\/wp-content\/uploads\/2020\/01\/Arvo-660x660.jpg\" alt=\"\" \/>\r\n\t\t\t\t\t\t<\/div>\r\n\t\t\t\t\t<\/div>\r\n\t\t\t\t\t\t\t<\/a>\r\n\r\n\t\t\t\t\t<\/div>\r\n\r\n\t\t<div class=\"sh-team-aside\">\r\n\t\t\t<div class=\"sh-team-name\">\r\n\t\t\t\t<h3>Arvo Talts<\/h3>\r\n\t\t\t<\/div>\r\n\t\t\t<div class=\"sh-team-role\">\r\n\t\t\t\tProject Manager, Construction\t\t\t<\/div>\r\n\r\n\t\t\t<div class=\"sh-team-description\">\r\n\t\t\t\tArvo graduated from Tallinn Higher Technical School with a degree in industrial and civil engineering. Hi has been working in the construction industry for ca 28 years. Prior to joining the company in 2014, he worked for such companies as NCC, O\u00dc Lagohold, O\u00dc Reval KVE, O\u00dc Raintar, AS Steco.\t\t\t<\/div>\r\n\r\n\t\t\t\t\t<\/div>\r\n\r\n\t<\/div>\r\n            <style type=\"text\/css\">\r\n                #team-C3uekAWzjH .sh-team-role {color: #000000!important;}#team-C3uekAWzjH.sh-team-social-overlay .sh-team-icons {background-color: #c18a54;}            <\/style>\r\n        [\/vc_column][vc_column width=&#8221;1\/5&#8243;][\/vc_column][\/vc_row][vc_row overflow=&#8221;default&#8221; margin_tablet=&#8221;30px 0px 30px 0px&#8221;][vc_column width=&#8221;1\/5&#8243; overflow=&#8221;default&#8221;][\/vc_column][vc_column width=&#8221;1\/5&#8243;]\r\n<div class=\"sh-team sh-team-style4 sh-team-social-standard\" id=\"team-jow1bRXqre\">\r\n\t\r\n\t\t<div class=\"sh-team-image\">\r\n\t\t\t<a href=\"https:\/\/brodal.ee\/wp-content\/uploads\/2020\/01\/Vladimir-1024x1024.jpg\" class=\"\" rel=\"lightbox\">\r\n\t\t\t\t\t\t\t\t\t<div class=\"ratio-container\" style=\"padding-top: 100%;\">\r\n\t\t\t\t\t\t<div class=\"ratio-content\">\r\n\t\t\t\t\t\t\t<img class=\"sh-image-url lazy\" data-src=\"https:\/\/brodal.ee\/wp-content\/uploads\/2020\/01\/Vladimir-660x660.jpg\" alt=\"\" \/>\r\n\t\t\t\t\t\t<\/div>\r\n\t\t\t\t\t<\/div>\r\n\t\t\t\t\t\t\t<\/a>\r\n\r\n\t\t\t\t\t<\/div>\r\n\r\n\t\t<div class=\"sh-team-aside\">\r\n\t\t\t<div class=\"sh-team-name\">\r\n\t\t\t\t<h3>Vladimir Panascha<\/h3>\r\n\t\t\t<\/div>\r\n\t\t\t<div class=\"sh-team-role\">\r\n\t\t\t\tProject Manager, Construction\t\t\t<\/div>\r\n\r\n\t\t\t<div class=\"sh-team-description\">\r\n\t\t\t\tVladimir graduated from Poltava Institute of Engineering and Technology (Ukraine), faculty of civil construction. He has a master&#8217;s degree. Vladimir has been working in the construction industry for almost 40 years, 14 of which in Brodal Holding. Among his previous employers are O\u00dc Reval KVE, AS Virto, AS Merken, VE Kolle.\t\t\t<\/div>\r\n\r\n\t\t\t\t\t<\/div>\r\n\r\n\t<\/div>\r\n            <style type=\"text\/css\">\r\n                #team-jow1bRXqre .sh-team-role {color: #000000!important;}#team-jow1bRXqre.sh-team-social-overlay .sh-team-icons {background-color: #c18a54;}            <\/style>\r\n        [\/vc_column][vc_column width=&#8221;1\/5&#8243;]\r\n<div class=\"sh-team sh-team-style4 sh-team-social-standard\" id=\"team-2oqp1XyHlO\">\r\n\t\r\n\t\t<div class=\"sh-team-image\">\r\n\t\t\t<a href=\"https:\/\/brodal.ee\/wp-content\/uploads\/2020\/01\/Dmitry-1024x1024.jpg\" class=\"\" rel=\"lightbox\">\r\n\t\t\t\t\t\t\t\t\t<div class=\"ratio-container\" style=\"padding-top: 100%;\">\r\n\t\t\t\t\t\t<div class=\"ratio-content\">\r\n\t\t\t\t\t\t\t<img class=\"sh-image-url lazy\" data-src=\"https:\/\/brodal.ee\/wp-content\/uploads\/2020\/01\/Dmitry-660x660.jpg\" alt=\"\" \/>\r\n\t\t\t\t\t\t<\/div>\r\n\t\t\t\t\t<\/div>\r\n\t\t\t\t\t\t\t<\/a>\r\n\r\n\t\t\t\t\t<\/div>\r\n\r\n\t\t<div class=\"sh-team-aside\">\r\n\t\t\t<div class=\"sh-team-name\">\r\n\t\t\t\t<h3>Dmitry Dolgorukov<\/h3>\r\n\t\t\t<\/div>\r\n\t\t\t<div class=\"sh-team-role\">\r\n\t\t\t\tAdiministrative Manager\t\t\t<\/div>\r\n\r\n\t\t\t<div class=\"sh-team-description\">\r\n\t\t\t\tDmitri graduated from the Estonian Maritime Academy with a degree in radio navigation. He worked in the field of trade logistics as a driver and freight forwarder. Since 2001, Dmitry has been working in the construction sector. He is mainly engaged in the supply of building materials.\t\t\t<\/div>\r\n\r\n\t\t\t\t\t<\/div>\r\n\r\n\t<\/div>\r\n            <style type=\"text\/css\">\r\n                #team-2oqp1XyHlO .sh-team-role {color: #000000!important;}#team-2oqp1XyHlO.sh-team-social-overlay .sh-team-icons {background-color: #c18a54;}            <\/style>\r\n        [\/vc_column][vc_column width=&#8221;1\/5&#8243;][\/vc_column][\/vc_row][vc_row overflow=&#8221;default&#8221; css=&#8221;.vc_custom_1580388206009{padding-top: 5% !important;padding-bottom: 5% !important;background-color: #232332 !important;background-position: center !important;background-repeat: no-repeat !important;background-size: cover !important;}&#8221; el_class=&#8221;vc_hidden-sm vc_hidden-xs&#8221;][vc_column width=&#8221;1\/12&#8243; overflow=&#8221;default&#8221; css=&#8221;.vc_custom_1579272198054{margin-top: 20px !important;}&#8221;][vc_raw_html]JTNDZGl2JTIwY2xhc3MlM0QlMjJzaC10YWJsZS1jZWxsJTIyJTIwc3R5bGUlM0QlMjJ3aWR0aCUzQSUyMDE1JTI1JTNCJTIwcGFkZGluZy10b3AlM0ElMjA5MCUyNSUzQiUyMHZhbGlnbiUzQSUyMG1pZGRsZSUzQiUyMiUzRSUwQSUwOSUwOSUwOSUzQ2ElMjBocmVmJTNEJTIyaHR0cCUzQSUyRiUyRmJyb2RhbC5lZSUyRmV0JTJGbWVlc2tvbmQlMkYlMjIlMjBocmVmbGFuZyUzRCUyMmV0JTIyJTIwbGFuZyUzRCUyMmV0JTIyJTNFJTNDaDUlMjBzdHlsZSUzRCUyMmZvbnQtc2l6ZSUzQSUyMGNhbGMlMjgwLjFlbSUyMCUyQiUyMDAuOHZ3JTI5JTNCJTIwLXdlYmtpdC10cmFuc2Zvcm0lM0ElMjByb3RhdGUlMjgtOTBkZWclMjklM0IlMjAtbW96LXRyYW5zZm9ybSUzQSUyMHJvdGF0ZSUyOC05MGRlZyUyOSUzQiUyMC1tcy10cmFuc2Zvcm0lM0ElMjByb3RhdGUlMjgtOTBkZWclMjklM0IlMjAtby10cmFuc2Zvcm0lM0ElMjByb3RhdGUlMjgtOTBkZWclMjklM0IlMjB0cmFuc2Zvcm0lM0ElMjByb3RhdGUlMjgtOTBkZWclMjklM0IlMjB3aWR0aCUzQSUyMG1heC1jb250ZW50JTNCJTIwY29sb3IlM0ElMjAlMjNmZmZmZmYlM0IlMjIlM0VFZXN0aSUyMGtlZWxlcyUyNm5ic3AlM0IlMjAlMjZuYnNwJTNCJTIwJTI2bmJzcCUzQiUyMCUyNm5ic3AlM0IlM0MlMkZoNSUzRSUzQyUyRmElM0UlMEElMDklMDklMDklM0MlMkZkaXYlM0U=[\/vc_raw_html][\/vc_column][vc_column width=&#8221;1\/2&#8243; overflow=&#8221;default&#8221;][vc_raw_html css=&#8221;.vc_custom_1580388152773{padding-left: 15% !important;}&#8221;]JTNDZGl2JTIwY2xhc3MlM0QlMjJjb250YWluZXIlMjBzaC1uYXYtY29udGFpbmVyJTIyJTNFJTBBJTA5JTA5JTA5JTA5JTA5JTA5JTA5JTNDdWwlMjBjbGFzcyUzRCUyMnNoLW5hdi1tb2JpbGUlMjIlM0UlMEElMEElMDklMDklMDklMDklMDklMDklMDklMDklM0NsaSUyMGlkJTNEJTIybWVudS1pdGVtLTk0OCUyMiUyMGNsYXNzJTNEJTIybWVudS1pdGVtJTIwbWVudS1pdGVtLXR5cGUtY3VzdG9tJTIwbWVudS1pdGVtLW9iamVjdC1jdXN0b20lMjBtZW51LWl0ZW0tOTQ4JTIyJTNFJTNDYSUyMGhyZWYlM0QlMjJodHRwJTNBJTJGJTJGYnJvZGFsLmVlJTJGJTIyJTNFSG9tZSUzQyUyRmElM0UlM0MlMkZsaSUzRSUwQSUzQ2xpJTIwaWQlM0QlMjJtZW51LWl0ZW0tOTQ5JTIyJTIwY2xhc3MlM0QlMjJtZW51LWl0ZW0lMjBtZW51LWl0ZW0tdHlwZS1jdXN0b20lMjBtZW51LWl0ZW0tb2JqZWN0LWN1c3RvbSUyMG1lbnUtaXRlbS05NDklMjIlM0UlM0NhJTIwaHJlZiUzRCUyMmh0dHAlM0ElMkYlMkZicm9kYWwuZWUlMkZ0ZWFtJTJGJTIyJTNFVGVhbSUzQyUyRmElM0UlM0MlMkZsaSUzRSUwQSUzQ2xpJTIwaWQlM0QlMjJtZW51LWl0ZW0tMTA3NSUyMiUyMGNsYXNzJTNEJTIybWVudS1pdGVtJTIwbWVudS1pdGVtLXR5cGUtcG9zdF90eXBlJTIwbWVudS1pdGVtLW9iamVjdC1wYWdlJTIwbWVudS1pdGVtLTEwNzUlMjIlM0UlM0NhJTIwaHJlZiUzRCUyMmh0dHAlM0ElMkYlMkZicm9kYWwuZWUlMkZwcm9qZWN0cyUyRiUyMiUzRVByb2plY3RzJTNDJTJGYSUzRSUzQyUyRmxpJTNFJTBBJTNDbGklMjBpZCUzRCUyMm1lbnUtaXRlbS0xMDc1JTIyJTIwY2xhc3MlM0QlMjJtZW51LWl0ZW0lMjBtZW51LWl0ZW0tdHlwZS1wb3N0X3R5cGUlMjBtZW51LWl0ZW0tb2JqZWN0LXBhZ2UlMjBtZW51LWl0ZW0tMTA3NSUyMiUzRSUzQ2ElMjBocmVmJTNEJTIyaHR0cCUzQSUyRiUyRmJyb2RhbC5lZSUyRmludmVzdG1lbnQlMkYlMjIlM0VJbnZlc3RtZW50JTNDJTJGYSUzRSUzQyUyRmxpJTNFJTBBJTNDbGklMjBpZCUzRCUyMm1lbnUtaXRlbS05NTElMjIlMjBjbGFzcyUzRCUyMm1lbnUtaXRlbSUyMG1lbnUtaXRlbS10eXBlLWN1c3RvbSUyMG1lbnUtaXRlbS1vYmplY3QtY3VzdG9tJTIwbWVudS1pdGVtLTk1MSUyMiUzRSUzQ2ElMjBocmVmJTNEJTIyaHR0cCUzQSUyRiUyRmJyb2RhbC5lZSUyRmNvbnRhY3QlMkYlMjIlM0VDb250YWN0JTNDJTJGYSUzRSUzQyUyRmxpJTNFJTBBJTA5JTA5JTA5JTA5JTA5JTA5JTA5JTNDJTJGdWwlM0UlMEElMDklMDklMDklMDklMDklMDklM0MlMkZkaXYlM0U=[\/vc_raw_html][\/vc_column][vc_column width=&#8221;5\/12&#8243; overflow=&#8221;default&#8221;][vc_raw_html]JTNDZGl2JTIwY2xhc3MlM0QlMjIlMjIlMjBzdHlsZSUzRCUyMmNvbG9yJTNBJTIwd2hpdGUlM0IlMjBwYWRkaW5nLWJvdHRvbSUzQSUyMDAlMjUlM0J3aWR0aCUzQSUyMDEwMCUyNSUzQiUyMiUzRSUwQSUwOSUwOSUwOSUzQ3NwYW4lMjBzdHlsZSUzRCUyMmZvbnQtc2l6ZSUzQSUyMGNhbGMlMjgwLjVlbSUyMCUyQiUyMDAuNXZ3JTI5JTNCJTIyJTNFRS1tYWlsJTNDJTJGc3BhbiUzRSUyMCUzQ3NwYW4lMjBzdHlsZSUzRCUyMmZvbnQtc2l6ZSUzQSUyMGNhbGMlMjgxZW0lMjAlMkIlMjAxdnclMjklM0IlMjBwYWRkaW5nLWxlZnQlM0ElMjAxMCUyNSUzQiUyMGNvbG9yJTNBJTIwJTIzMDA4ZDczJTNCJTIyJTNFaW5mbyU0MGJyb2RhbC5lZSUzQyUyRnNwYW4lM0UlM0NiciUzRSUzQ2JyJTNFJTNDYnIlM0UlM0NiciUzRSUwQSUwOSUwOSUwOSUzQ3NwYW4lMjBzdHlsZSUzRCUyMmZvbnQtc2l6ZSUzQSUyMGNhbGMlMjgwLjVlbSUyMCUyQiUyMDAuNXZ3JTI5JTNCJTIyJTNFQnJvZGFsJTIwSG9sZGluZyUyME8lQzMlOUMlM0MlMkZzcGFuJTNFJTIwJTNDYnIlM0UlM0NiciUzRSUwQSUwOSUwOSUwOSUzQ3NwYW4lM0VKLiUyMFMlQzMlQkN0aXN0ZSUyMHRlZSUyMDE5QS0xOTYlM0MlMkZzcGFuJTNFJTNDc3BhbiUyMHN0eWxlJTNEJTIycGFkZGluZy1sZWZ0JTNBJTIwMTAlMjUlM0IlMjIlM0VSZWclMjBubyUzQSUyMDExMjgwNDE2JTNDJTJGc3BhbiUzRSUyMCUzQ2JyJTNFJTBBJTA5JTA5JTA5JTNDc3BhbiUzRVRhbGxpbm4lMkMlMjBFc3RvbmlhJTJDJTIwMTM0MTklM0MlMkZzcGFuJTNFJTNDc3BhbiUyMHN0eWxlJTNEJTIycGFkZGluZy1sZWZ0JTNBJTIwMTAlMjUlM0IlMjIlM0VWQVQlMjBubyUzQSUyMEVFMTAxMzE1NzA0JTNDJTJGc3BhbiUzRSUyMCUzQ2JyJTNFJTBBJTA5JTA5JTA5JTBBJTA5JTA5JTA5JTNDJTJGZGl2JTNF[\/vc_raw_html][\/vc_column][\/vc_row][vc_row overflow=&#8221;default&#8221; css=&#8221;.vc_custom_1580388085596{padding-top: 5% !important;padding-bottom: 5% !important;background-color: #232332 !important;background-position: center !important;background-repeat: no-repeat !important;background-size: cover !important;}&#8221; el_class=&#8221;vc_hidden-lg vc_hidden-md&#8221;][vc_column width=&#8221;1\/12&#8243; overflow=&#8221;default&#8221;][vc_column_text css=&#8221;.vc_custom_1580389074268{padding-left: 15% !important;}&#8221;]<\/p>\n<h6><a lang=\"et\" style=\"color: white;\" href=\"http:\/\/brodal.ee\/et\/meeskond\/\" hreflang=\"et\">Eesti keeles<\/a><\/h6>\n<p>[\/vc_column_text][\/vc_column][vc_column width=&#8221;1\/2&#8243; overflow=&#8221;default&#8221;][vc_raw_html css=&#8221;.vc_custom_1580388163171{padding-left: 15% !important;}&#8221;]JTNDZGl2JTIwY2xhc3MlM0QlMjJjb250YWluZXIlMjBzaC1uYXYtY29udGFpbmVyJTIyJTNFJTBBJTA5JTA5JTA5JTA5JTA5JTA5JTA5JTNDdWwlMjBjbGFzcyUzRCUyMnNoLW5hdi1tb2JpbGUlMjIlM0UlMEElMEElMDklMDklMDklMDklMDklMDklMDklMDklM0NsaSUyMGlkJTNEJTIybWVudS1pdGVtLTk0OCUyMiUyMGNsYXNzJTNEJTIybWVudS1pdGVtJTIwbWVudS1pdGVtLXR5cGUtY3VzdG9tJTIwbWVudS1pdGVtLW9iamVjdC1jdXN0b20lMjBtZW51LWl0ZW0tOTQ4JTIyJTNFJTNDYSUyMGhyZWYlM0QlMjIlMkYlMjIlM0VIb21lJTNDJTJGYSUzRSUzQyUyRmxpJTNFJTBBJTNDbGklMjBpZCUzRCUyMm1lbnUtaXRlbS05NDklMjIlMjBjbGFzcyUzRCUyMm1lbnUtaXRlbSUyMG1lbnUtaXRlbS10eXBlLWN1c3RvbSUyMG1lbnUtaXRlbS1vYmplY3QtY3VzdG9tJTIwbWVudS1pdGVtLTk0OSUyMiUzRSUzQ2ElMjBocmVmJTNEJTIydGVhbSUyMiUzRVRlYW0lM0MlMkZhJTNFJTNDJTJGbGklM0UlMEElM0NsaSUyMGlkJTNEJTIybWVudS1pdGVtLTEwNzUlMjIlMjBjbGFzcyUzRCUyMm1lbnUtaXRlbSUyMG1lbnUtaXRlbS10eXBlLXBvc3RfdHlwZSUyMG1lbnUtaXRlbS1vYmplY3QtcGFnZSUyMG1lbnUtaXRlbS0xMDc1JTIyJTNFJTNDYSUyMGhyZWYlM0QlMjJodHRwJTNBJTJGJTJGYnJvZGFsLmVlJTJGcHJvamVjdHMlMkYlMjIlM0VQcm9qZWN0cyUzQyUyRmElM0UlM0MlMkZsaSUzRSUwQSUzQ2xpJTIwaWQlM0QlMjJtZW51LWl0ZW0tMTA3NSUyMiUyMGNsYXNzJTNEJTIybWVudS1pdGVtJTIwbWVudS1pdGVtLXR5cGUtcG9zdF90eXBlJTIwbWVudS1pdGVtLW9iamVjdC1wYWdlJTIwbWVudS1pdGVtLTEwNzUlMjIlM0UlM0NhJTIwaHJlZiUzRCUyMmh0dHAlM0ElMkYlMkZicm9kYWwuZWUlMkZpbnZlc3RtZW50JTJGJTIyJTNFSW52ZXN0bWVudCUzQyUyRmElM0UlM0MlMkZsaSUzRSUwQSUzQ2xpJTIwaWQlM0QlMjJtZW51LWl0ZW0tOTUxJTIyJTIwY2xhc3MlM0QlMjJtZW51LWl0ZW0lMjBtZW51LWl0ZW0tdHlwZS1jdXN0b20lMjBtZW51LWl0ZW0tb2JqZWN0LWN1c3RvbSUyMG1lbnUtaXRlbS05NTElMjIlM0UlM0NhJTIwaHJlZiUzRCUyMmh0dHAlM0ElMkYlMkZicm9kYWwuZWUlMkZjb250YWN0JTIyJTNFQ29udGFjdCUzQyUyRmElM0UlM0MlMkZsaSUzRSUwQSUwOSUwOSUwOSUwOSUwOSUwOSUwOSUzQyUyRnVsJTNFJTBBJTA5JTA5JTA5JTA5JTA5JTA5JTNDJTJGZGl2JTNF[\/vc_raw_html][\/vc_column][vc_column width=&#8221;5\/12&#8243; overflow=&#8221;default&#8221;][vc_raw_html css=&#8221;.vc_custom_1627390335723{padding-left: 15% !important;}&#8221;]JTNDZGl2JTIwY2xhc3MlM0QlMjIlMjIlMjBzdHlsZSUzRCUyMmNvbG9yJTNBJTIwd2hpdGUlM0IlMjBwYWRkaW5nLWJvdHRvbSUzQSUyMDAlMjUlM0J3aWR0aCUzQSUyMDEwMCUyNSUzQiUyMiUzRSUwQSUwOSUwOSUwOSUzQ3NwYW4lMjBzdHlsZSUzRCUyMmZvbnQtc2l6ZSUzQSUyMGNhbGMlMjgwLjVlbSUyMCUyQiUyMDAuNXZ3JTI5JTNCJTIyJTNFRS1tYWlsJTNDJTJGc3BhbiUzRSUyMCUzQ3NwYW4lMjBzdHlsZSUzRCUyMmZvbnQtc2l6ZSUzQSUyMGNhbGMlMjgxZW0lMjAlMkIlMjAxdnclMjklM0IlMjBwYWRkaW5nLWxlZnQlM0ElMjAxMCUyNSUzQiUyMGNvbG9yJTNBJTIwJTIzMDA4ZDczJTNCJTIyJTNFaW5mbyU0MGJyb2RhbC5lZSUzQyUyRnNwYW4lM0UlM0NiciUzRSUzQ2JyJTNFJTBBJTA5JTA5JTA5JTNDc3BhbiUyMHN0eWxlJTNEJTIyZm9udC1zaXplJTNBJTIwY2FsYyUyODAuN2VtJTIwJTJCJTIwMC43dnclMjklM0IlMjIlM0VCcm9kYWwlMjBIb2xkaW5nJTIwTyVDMyU5QyUzQyUyRnNwYW4lM0UlMjAlM0NiciUzRSUzQ2JyJTNFJTBBJTA5JTA5JTA5JTNDc3BhbiUyMHN0eWxlJTNEJTIyZm9udC1zaXplJTNBJTIwY2FsYyUyODAuNWVtJTIwJTJCJTIwMC41dnclMjklM0IlMjIlM0VKLiUyMFMlQzMlQkN0aXN0ZSUyMHRlZSUyMDE5QS0xOTYlM0MlMkZzcGFuJTNFJTNDc3BhbiUyMHN0eWxlJTNEJTIycGFkZGluZy1sZWZ0JTNBJTIwMTAlMjUlM0Jmb250LXNpemUlM0ElMjBjYWxjJTI4MC41ZW0lMjAlMkIlMjAwLjV2dyUyOSUzQiUyMiUzRVJlZyUyMG5vJTNBJTIwMTEyODA0MTYlM0MlMkZzcGFuJTNFJTIwJTNDYnIlM0UlMEElMDklMDklMDklM0NzcGFuJTIwc3R5bGUlM0QlMjJmb250LXNpemUlM0ElMjBjYWxjJTI4MC41ZW0lMjAlMkIlMjAwLjV2dyUyOSUzQiUyMiUzRVRhbGxpbm4lMkMlMjBFc3RvbmlhJTJDJTIwMTM0MTklM0MlMkZzcGFuJTNFJTNDc3BhbiUyMHN0eWxlJTNEJTIycGFkZGluZy1sZWZ0JTNBJTIwMTAlMjUlM0Jmb250LXNpemUlM0ElMjBjYWxjJTI4MC41ZW0lMjAlMkIlMjAwLjV2dyUyOSUzQiUyMiUzRVZBVCUyMG5vJTNBJTIwRUUxMDEzMTU3MDQlM0MlMkZzcGFuJTNFJTIwJTNDYnIlM0UlMEElMDklMDklMDklMEElMDklMDklMDklM0MlMkZkaXYlM0U=[\/vc_raw_html][\/vc_column][\/vc_row]<\/p>\n","protected":false},"excerpt":{"rendered":"<p>[vc_row overflow=&#8221;default&#8221; css=&#8221;.vc_custom_1579706312797{padding-top: 10% !important;}&#8221; margin_tablet=&#8221;30px 0px 30px 0px&#8221;][vc_column][vc_column_text css=&#8221;.vc_custom_1579705323722{padding-left: 20% !important;}&#8221;] Meet the team [\/vc_column_text][\/vc_column][vc_column width=&#8221;1\/5&#8243; overflow=&#8221;default&#8221;][\/vc_column][vc_column width=&#8221;1\/5&#8243; max_width_alignment_mobile=&#8221;center&#8221; overflow=&#8221;default&#8221;] Gela Karlyshev Founder, CEO Gela graduated from the mechanical faculty of Tallinn Technical University with a degree in mechanical engineering. After graduation, he worked&#8230;<\/p>\n","protected":false},"author":1,"featured_media":0,"parent":0,"menu_order":0,"comment_status":"closed","ping_status":"closed","template":"","meta":{"footnotes":""},"class_list":["post-1201","page","type-page","status-publish","hentry"],"_links":{"self":[{"href":"https:\/\/brodal.ee\/index.php?rest_route=\/wp\/v2\/pages\/1201","targetHints":{"allow":["GET"]}}],"collection":[{"href":"https:\/\/brodal.ee\/index.php?rest_route=\/wp\/v2\/pages"}],"about":[{"href":"https:\/\/brodal.ee\/index.php?rest_route=\/wp\/v2\/types\/page"}],"author":[{"embeddable":true,"href":"https:\/\/brodal.ee\/index.php?rest_route=\/wp\/v2\/users\/1"}],"replies":[{"embeddable":true,"href":"https:\/\/brodal.ee\/index.php?rest_route=%2Fwp%2Fv2%2Fcomments&post=1201"}],"version-history":[{"count":57,"href":"https:\/\/brodal.ee\/index.php?rest_route=\/wp\/v2\/pages\/1201\/revisions"}],"predecessor-version":[{"id":1793,"href":"https:\/\/brodal.ee\/index.php?rest_route=\/wp\/v2\/pages\/1201\/revisions\/1793"}],"wp:attachment":[{"href":"https:\/\/brodal.ee\/index.php?rest_route=%2Fwp%2Fv2%2Fmedia&parent=1201"}],"curies":[{"name":"wp","href":"https:\/\/api.w.org\/{rel}","templated":true}]}}