{"id":1327,"date":"2020-01-24T15:42:43","date_gmt":"2020-01-24T15:42:43","guid":{"rendered":"http:\/\/brodal.ee\/?page_id=1327"},"modified":"2025-06-02T08:45:36","modified_gmt":"2025-06-02T08:45:36","slug":"meeskond","status":"publish","type":"page","link":"https:\/\/brodal.ee\/?page_id=1327&lang=et","title":{"rendered":"Meeskond"},"content":{"rendered":"<p>[vc_row overflow=&#8221;default&#8221; css=&#8221;.vc_custom_1579706312797{padding-top: 10% !important;}&#8221; margin_tablet=&#8221;30px 0px 30px 0px&#8221;][vc_column][vc_column_text css=&#8221;.vc_custom_1579880291245{padding-left: 20% !important;}&#8221;]<\/p>\n<h1>Meie inimised<\/h1>\n<p>[\/vc_column_text][\/vc_column][vc_column width=&#8221;1\/5&#8243; overflow=&#8221;default&#8221;][\/vc_column][vc_column width=&#8221;1\/5&#8243; max_width_alignment_mobile=&#8221;center&#8221; overflow=&#8221;default&#8221;]\r\n<div class=\"sh-team sh-team-style4 sh-team-social-standard\" id=\"team-3XFRS2HhQy\">\r\n\t\r\n\t\t<div class=\"sh-team-image\">\r\n\t\t\t<a href=\"https:\/\/brodal.ee\/wp-content\/uploads\/2020\/01\/Gela-1024x1024.jpg\" class=\"\" rel=\"lightbox\">\r\n\t\t\t\t\t\t\t\t\t<div class=\"ratio-container\" style=\"padding-top: 100%;\">\r\n\t\t\t\t\t\t<div class=\"ratio-content\">\r\n\t\t\t\t\t\t\t<img class=\"sh-image-url lazy\" data-src=\"https:\/\/brodal.ee\/wp-content\/uploads\/2020\/01\/Gela-660x660.jpg\" alt=\"\" \/>\r\n\t\t\t\t\t\t<\/div>\r\n\t\t\t\t\t<\/div>\r\n\t\t\t\t\t\t\t<\/a>\r\n\r\n\t\t\t\t\t<\/div>\r\n\r\n\t\t<div class=\"sh-team-aside\">\r\n\t\t\t<div class=\"sh-team-name\">\r\n\t\t\t\t<h3>Gela Karl\u00f5\u0161ev<\/h3>\r\n\t\t\t<\/div>\r\n\t\t\t<div class=\"sh-team-role\">\r\n\t\t\t\tAsutaja, juhatuse liige, tegevjuht\t\t\t<\/div>\r\n\r\n\t\t\t<div class=\"sh-team-description\">\r\n\t\t\t\tGela on l\u00f5petanud Tallinna Tehnika\u00fclikooli mehhaanikateaduskonna masinaehituse eriala. P\u00e4rast \u00fclikooli l\u00f5petamist t\u00f6\u00f6tas ta Estoplastis insener-mehhaanikuna. Seej\u00e4rel suundus ta eraettev\u00f5tlusse, olles alustanud kaubanduse valdkonnas. Praeguseks ta on tegustsenud kinnisvara-arenduse alal ligi 20 aastat.\t\t\t<\/div>\r\n\r\n\t\t\t\t\t<\/div>\r\n\r\n\t<\/div>\r\n            <style type=\"text\/css\">\r\n                #team-3XFRS2HhQy .sh-team-role {color: #000000!important;}#team-3XFRS2HhQy.sh-team-social-overlay .sh-team-icons {background-color: #c18a54;}            <\/style>\r\n        [\/vc_column][vc_column width=&#8221;1\/5&#8243; max_width_alignment_mobile=&#8221;center&#8221; overflow=&#8221;default&#8221;]\r\n<div class=\"sh-team sh-team-style4 sh-team-social-standard\" id=\"team-5GEPhFlR3r\">\r\n\t\r\n\t\t<div class=\"sh-team-image\">\r\n\t\t\t<a href=\"https:\/\/brodal.ee\/wp-content\/uploads\/2020\/01\/eugene-5.jpg\" class=\"\" rel=\"lightbox\">\r\n\t\t\t\t\t\t\t\t\t<div class=\"ratio-container\" style=\"padding-top: 100%;\">\r\n\t\t\t\t\t\t<div class=\"ratio-content\">\r\n\t\t\t\t\t\t\t<img class=\"sh-image-url lazy\" data-src=\"https:\/\/brodal.ee\/wp-content\/uploads\/2020\/01\/eugene-5.jpg\" alt=\"\" \/>\r\n\t\t\t\t\t\t<\/div>\r\n\t\t\t\t\t<\/div>\r\n\t\t\t\t\t\t\t<\/a>\r\n\r\n\t\t\t\t\t<\/div>\r\n\r\n\t\t<div class=\"sh-team-aside\">\r\n\t\t\t<div class=\"sh-team-name\">\r\n\t\t\t\t<h3>Jevgeny Lustin<\/h3>\r\n\t\t\t<\/div>\r\n\t\t\t<div class=\"sh-team-role\">\r\n\t\t\t\tArendusdirektor\t\t\t<\/div>\r\n\r\n\t\t\t<div class=\"sh-team-description\">\r\n\t\t\t\tJevgeni on l\u00f5petanud Peeter Suure nim. t\u00f6\u00f6stus-, majandus- ja kaubanduse juhtimise instituudi Peterburis.\t\t\t<\/div>\r\n\r\n\t\t\t\t\t<\/div>\r\n\r\n\t<\/div>\r\n            <style type=\"text\/css\">\r\n                #team-5GEPhFlR3r .sh-team-role {color: #000000!important;}#team-5GEPhFlR3r.sh-team-social-overlay .sh-team-icons {background-color: #c18a54;}            <\/style>\r\n        [\/vc_column][vc_column width=&#8221;1\/5&#8243; overflow=&#8221;default&#8221;]\r\n<div class=\"sh-team sh-team-style4 sh-team-social-standard\" id=\"team-45QgsGWhje\">\r\n\t\r\n\t\t<div class=\"sh-team-image\">\r\n\t\t\t<a href=\"https:\/\/brodal.ee\/wp-content\/uploads\/2020\/01\/Veikko-1024x1024.jpg\" class=\"\" rel=\"lightbox\">\r\n\t\t\t\t\t\t\t\t\t<div class=\"ratio-container\" style=\"padding-top: 100%;\">\r\n\t\t\t\t\t\t<div class=\"ratio-content\">\r\n\t\t\t\t\t\t\t<img class=\"sh-image-url lazy\" data-src=\"https:\/\/brodal.ee\/wp-content\/uploads\/2020\/01\/Veikko-660x660.jpg\" alt=\"\" \/>\r\n\t\t\t\t\t\t<\/div>\r\n\t\t\t\t\t<\/div>\r\n\t\t\t\t\t\t\t<\/a>\r\n\r\n\t\t\t\t\t<\/div>\r\n\r\n\t\t<div class=\"sh-team-aside\">\r\n\t\t\t<div class=\"sh-team-name\">\r\n\t\t\t\t<h3>Veikko Varik<\/h3>\r\n\t\t\t<\/div>\r\n\t\t\t<div class=\"sh-team-role\">\r\n\t\t\t\tJuhatuse liige, jurist\t\t\t<\/div>\r\n\r\n\t\t\t<div class=\"sh-team-description\">\r\n\t\t\t\tVeikko on l\u00f5petanud Tartu \u00dclikooli.Tal on \u00f5igusteaduste ja usuteaduste magistrikraad (cum laude). Praegu on ta omandamas doktorikraadi. \u00d5igusteaduse valdkonnas on spetsialiseerunud tsiviil\u00f5igusele. Varem on ta t\u00f6\u00f6tanud panganduses, kantsleri n\u00f5unikuna EV Rahandusministeeriumis audiitorib\u00fcroos R\u00f6dl &amp; Partnerid, H\u00fcvitusfondis ning kinnisvaraarendusettev\u00f5ttes AS Arco Invest. Samuti on ta olnud riigiettev\u00f5tete M\u00f6\u00f6blimaja ja Ookean n\u00f5ukogus ning aidanud kaasa mitmete riigiettev\u00f5tete erastamisprotsessi l\u00e4biviimisele.\t\t\t<\/div>\r\n\r\n\t\t\t\t\t<\/div>\r\n\r\n\t<\/div>\r\n            <style type=\"text\/css\">\r\n                #team-45QgsGWhje .sh-team-role {color: #000000!important;}#team-45QgsGWhje.sh-team-social-overlay .sh-team-icons {background-color: #c18a54;}            <\/style>\r\n        [\/vc_column][vc_column width=&#8221;1\/5&#8243;][\/vc_column][\/vc_row][vc_row overflow=&#8221;default&#8221; margin_tablet=&#8221;30px 0px 30px 0px&#8221;][vc_column width=&#8221;1\/5&#8243; overflow=&#8221;default&#8221;][\/vc_column][vc_column width=&#8221;1\/5&#8243;]\r\n<div class=\"sh-team sh-team-style4 sh-team-social-standard\" id=\"team-Rj6rLV1MGN\">\r\n\t\r\n\t\t<div class=\"sh-team-image\">\r\n\t\t\t<a href=\"https:\/\/brodal.ee\/wp-content\/uploads\/2020\/01\/Jelena-1024x1024.jpg\" class=\"\" rel=\"lightbox\">\r\n\t\t\t\t\t\t\t\t\t<div class=\"ratio-container\" style=\"padding-top: 100%;\">\r\n\t\t\t\t\t\t<div class=\"ratio-content\">\r\n\t\t\t\t\t\t\t<img class=\"sh-image-url lazy\" data-src=\"https:\/\/brodal.ee\/wp-content\/uploads\/2020\/01\/Jelena-660x660.jpg\" alt=\"\" \/>\r\n\t\t\t\t\t\t<\/div>\r\n\t\t\t\t\t<\/div>\r\n\t\t\t\t\t\t\t<\/a>\r\n\r\n\t\t\t\t\t<\/div>\r\n\r\n\t\t<div class=\"sh-team-aside\">\r\n\t\t\t<div class=\"sh-team-name\">\r\n\t\t\t\t<h3>Jelena B\u00f5t\u0161kova<\/h3>\r\n\t\t\t<\/div>\r\n\t\t\t<div class=\"sh-team-role\">\r\n\t\t\t\tFinantsjuht\t\t\t<\/div>\r\n\r\n\t\t\t<div class=\"sh-team-description\">\r\n\t\t\t\tJelena on l\u00f5petanud Tallinna Tehnika\u00fclikooli majandusteaduskonna raamatupidamise ja majandusanal\u00fc\u00fcsi erialal, omandanud magistrikraadi sotsiaalteadustes. Varasemalt \u00f5petas ta Tallinna Tehnika\u00fclikoolis ja Tartu \u00fclikoolis rahandust ning on kirjutanud sel teemal mitmeid \u00f5pikuid \u00fclikoolidele ja Eesti Pangaliidule. Enne Brodal Holding-usse t\u00f6\u00f6le asumist on t\u00f6\u00f6tanud nii jae- ja investeerimispanganduses kui ka kinnisvara alal nii Eestis kui ka v\u00e4lismaal.\t\t\t<\/div>\r\n\r\n\t\t\t\t\t<\/div>\r\n\r\n\t<\/div>\r\n            <style type=\"text\/css\">\r\n                #team-Rj6rLV1MGN .sh-team-role {color: #000000!important;}#team-Rj6rLV1MGN.sh-team-social-overlay .sh-team-icons {background-color: #c18a54;}            <\/style>\r\n        [\/vc_column][vc_column width=&#8221;1\/5&#8243;]\r\n<div class=\"sh-team sh-team-style4 sh-team-social-standard\" id=\"team-Wc251HzPuX\">\r\n\t\r\n\t\t<div class=\"sh-team-image\">\r\n\t\t\t<a href=\"https:\/\/brodal.ee\/wp-content\/uploads\/2020\/01\/Olga-1024x1024.jpg\" class=\"\" rel=\"lightbox\">\r\n\t\t\t\t\t\t\t\t\t<div class=\"ratio-container\" style=\"padding-top: 100%;\">\r\n\t\t\t\t\t\t<div class=\"ratio-content\">\r\n\t\t\t\t\t\t\t<img class=\"sh-image-url lazy\" data-src=\"https:\/\/brodal.ee\/wp-content\/uploads\/2020\/01\/Olga-660x660.jpg\" alt=\"\" \/>\r\n\t\t\t\t\t\t<\/div>\r\n\t\t\t\t\t<\/div>\r\n\t\t\t\t\t\t\t<\/a>\r\n\r\n\t\t\t\t\t<\/div>\r\n\r\n\t\t<div class=\"sh-team-aside\">\r\n\t\t\t<div class=\"sh-team-name\">\r\n\t\t\t\t<h3>Olga Demidova<\/h3>\r\n\t\t\t<\/div>\r\n\t\t\t<div class=\"sh-team-role\">\r\n\t\t\t\tPearaamatupidaja\t\t\t<\/div>\r\n\r\n\t\t\t<div class=\"sh-team-description\">\r\n\t\t\t\tOlga on l\u00f5petanud Tallinna Tehnika\u00fclikooli majandusteaduskonna raamatupidamise ja majandusanal\u00fc\u00fcsi erialal. Tema l\u00e4bis Rahvusvahelise raamatupidajate liidu (IAB) sertifitseerimise. Olga on t\u00f6\u00f6tanud osa\u00fchingus Brodal Holding asutamise hetkest. Enne seda on ta t\u00f6\u00f6tanud samale omanikule kuulunud ettev\u00f5ttetes alates 1993. aastast.\t\t\t<\/div>\r\n\r\n\t\t\t\t\t<\/div>\r\n\r\n\t<\/div>\r\n            <style type=\"text\/css\">\r\n                #team-Wc251HzPuX .sh-team-role {color: #000000!important;}#team-Wc251HzPuX.sh-team-social-overlay .sh-team-icons {background-color: #c18a54;}            <\/style>\r\n        [\/vc_column][vc_column width=&#8221;1\/5&#8243;]\r\n<div class=\"sh-team sh-team-style4 sh-team-social-standard\" id=\"team-5waplD9q4r\">\r\n\t\r\n\t\t<div class=\"sh-team-image\">\r\n\t\t\t<a href=\"https:\/\/brodal.ee\/wp-content\/uploads\/2020\/01\/Arvo-1024x1024.jpg\" class=\"\" rel=\"lightbox\">\r\n\t\t\t\t\t\t\t\t\t<div class=\"ratio-container\" style=\"padding-top: 100%;\">\r\n\t\t\t\t\t\t<div class=\"ratio-content\">\r\n\t\t\t\t\t\t\t<img class=\"sh-image-url lazy\" data-src=\"https:\/\/brodal.ee\/wp-content\/uploads\/2020\/01\/Arvo-660x660.jpg\" alt=\"\" \/>\r\n\t\t\t\t\t\t<\/div>\r\n\t\t\t\t\t<\/div>\r\n\t\t\t\t\t\t\t<\/a>\r\n\r\n\t\t\t\t\t<\/div>\r\n\r\n\t\t<div class=\"sh-team-aside\">\r\n\t\t\t<div class=\"sh-team-name\">\r\n\t\t\t\t<h3>Arvo Talts<\/h3>\r\n\t\t\t<\/div>\r\n\t\t\t<div class=\"sh-team-role\">\r\n\t\t\t\tEhitusprojektide juht\t\t\t<\/div>\r\n\r\n\t\t\t<div class=\"sh-team-description\">\r\n\t\t\t\tArvo on l\u00f5petanud Tallinna K\u00f5rgeima Tehnikakooli t\u00f6\u00f6stus- ja tsiviilehituse erialal. T\u00f6\u00f6kogemus ehituses &#8211; 28 aastat. Enne kui ta liitus meie meeskonnaga 2014. aastal t\u00f6\u00f6tas ta muu hulgas NCC-s, O\u00dc-s Lagohold, O\u00dc-s Reval KVE, O\u00dc-s Raintar, AS-is Steco.\t\t\t<\/div>\r\n\r\n\t\t\t\t\t<\/div>\r\n\r\n\t<\/div>\r\n            <style type=\"text\/css\">\r\n                #team-5waplD9q4r .sh-team-role {color: #000000!important;}#team-5waplD9q4r.sh-team-social-overlay .sh-team-icons {background-color: #c18a54;}            <\/style>\r\n        [\/vc_column][vc_column width=&#8221;1\/5&#8243;][\/vc_column][\/vc_row][vc_row overflow=&#8221;default&#8221; margin_tablet=&#8221;30px 0px 30px 0px&#8221;][vc_column width=&#8221;1\/5&#8243; overflow=&#8221;default&#8221;][\/vc_column][vc_column width=&#8221;1\/5&#8243;]\r\n<div class=\"sh-team sh-team-style4 sh-team-social-standard\" id=\"team-yEilg2xr5n\">\r\n\t\r\n\t\t<div class=\"sh-team-image\">\r\n\t\t\t<a href=\"https:\/\/brodal.ee\/wp-content\/uploads\/2020\/01\/Vladimir-1024x1024.jpg\" class=\"\" rel=\"lightbox\">\r\n\t\t\t\t\t\t\t\t\t<div class=\"ratio-container\" style=\"padding-top: 100%;\">\r\n\t\t\t\t\t\t<div class=\"ratio-content\">\r\n\t\t\t\t\t\t\t<img class=\"sh-image-url lazy\" data-src=\"https:\/\/brodal.ee\/wp-content\/uploads\/2020\/01\/Vladimir-660x660.jpg\" alt=\"\" \/>\r\n\t\t\t\t\t\t<\/div>\r\n\t\t\t\t\t<\/div>\r\n\t\t\t\t\t\t\t<\/a>\r\n\r\n\t\t\t\t\t<\/div>\r\n\r\n\t\t<div class=\"sh-team-aside\">\r\n\t\t\t<div class=\"sh-team-name\">\r\n\t\t\t\t<h3>Vladimir Pana\u0161t\u0161a<\/h3>\r\n\t\t\t<\/div>\r\n\t\t\t<div class=\"sh-team-role\">\r\n\t\t\t\tEhitusprojektide juht\t\t\t<\/div>\r\n\r\n\t\t\t<div class=\"sh-team-description\">\r\n\t\t\t\tVladimir on l\u00f5petanud Poltava Inseneri- ja tehnoloogiainstituudi (Ukraina), spetsialiseerunud ehitusinseneri alal. Tal on magistrikraad. Ta on t\u00f6\u00f6tanud ehituses peaaegu 40 aastat, sealhulgas 14 aastat Brodal Holdingus. Varem olid tema t\u00f6\u00f6andjateks O\u00dc Reval KVE, AS Virto, AS Merken, VE Kolle.\t\t\t<\/div>\r\n\r\n\t\t\t\t\t<\/div>\r\n\r\n\t<\/div>\r\n            <style type=\"text\/css\">\r\n                #team-yEilg2xr5n .sh-team-role {color: #000000!important;}#team-yEilg2xr5n.sh-team-social-overlay .sh-team-icons {background-color: #c18a54;}            <\/style>\r\n        [\/vc_column][vc_column width=&#8221;1\/5&#8243;]\r\n<div class=\"sh-team sh-team-style4 sh-team-social-standard\" id=\"team-cQihwbVPE9\">\r\n\t\r\n\t\t<div class=\"sh-team-image\">\r\n\t\t\t<a href=\"https:\/\/brodal.ee\/wp-content\/uploads\/2020\/01\/Dmitry-1024x1024.jpg\" class=\"\" rel=\"lightbox\">\r\n\t\t\t\t\t\t\t\t\t<div class=\"ratio-container\" style=\"padding-top: 100%;\">\r\n\t\t\t\t\t\t<div class=\"ratio-content\">\r\n\t\t\t\t\t\t\t<img class=\"sh-image-url lazy\" data-src=\"https:\/\/brodal.ee\/wp-content\/uploads\/2020\/01\/Dmitry-660x660.jpg\" alt=\"\" \/>\r\n\t\t\t\t\t\t<\/div>\r\n\t\t\t\t\t<\/div>\r\n\t\t\t\t\t\t\t<\/a>\r\n\r\n\t\t\t\t\t<\/div>\r\n\r\n\t\t<div class=\"sh-team-aside\">\r\n\t\t\t<div class=\"sh-team-name\">\r\n\t\t\t\t<h3>Dmitri Dolgorukov<\/h3>\r\n\t\t\t<\/div>\r\n\t\t\t<div class=\"sh-team-role\">\r\n\t\t\t\tAdministratiivjuht\t\t\t<\/div>\r\n\r\n\t\t\t<div class=\"sh-team-description\">\r\n\t\t\t\tDmitri on l\u00f5petanud Eesti Merekooli raadionavigatsiooni erialal. On t\u00f6\u00f6tanud kaubanduse logistika valdkonnas autojuhi ja ekspediitorina. Alates 2001.a. t\u00f6\u00f6tab ehituses, tegeledes peamiselt ehitusmaterjalide tarnimisega.\t\t\t<\/div>\r\n\r\n\t\t\t\t\t<\/div>\r\n\r\n\t<\/div>\r\n            <style type=\"text\/css\">\r\n                #team-cQihwbVPE9 .sh-team-role {color: #000000!important;}#team-cQihwbVPE9.sh-team-social-overlay .sh-team-icons {background-color: #c18a54;}            <\/style>\r\n        [\/vc_column][vc_column width=&#8221;1\/5&#8243;][\/vc_column][\/vc_row][vc_row overflow=&#8221;default&#8221; css=&#8221;.vc_custom_1579965363425{padding-top: 5% !important;padding-bottom: 5% !important;background-color: #232332 !important;background-position: center !important;background-repeat: no-repeat !important;background-size: cover !important;}&#8221; el_class=&#8221;vc_hidden-sm vc_hidden-xs&#8221;][vc_column width=&#8221;1\/12&#8243; overflow=&#8221;default&#8221; css=&#8221;.vc_custom_1579272198054{margin-top: 20px !important;}&#8221;][vc_raw_html]JTNDZGl2JTIwY2xhc3MlM0QlMjJzaC10YWJsZS1jZWxsJTIyJTIwc3R5bGUlM0QlMjJ3aWR0aCUzQSUyMDE1JTI1JTNCJTIwcGFkZGluZy10b3AlM0ElMjA5MCUyNSUzQiUyMHZhbGlnbiUzQSUyMG1pZGRsZSUzQiUyMiUzRSUwQSUwOSUwOSUwOSUzQ2ElMjBocmVmJTNEJTIyaHR0cCUzQSUyRiUyRmJyb2RhbC5lZSUyRnRlYW0lMjIlMjBocmVmbGFuZyUzRCUyMmVuLUdCJTIyJTIwbGFuZyUzRCUyMmVuLUdCJTIyJTNFJTNDaDUlMjBzdHlsZSUzRCUyMmZvbnQtc2l6ZSUzQSUyMGNhbGMlMjgwLjFlbSUyMCUyQiUyMDAuOHZ3JTI5JTNCJTIwLXdlYmtpdC10cmFuc2Zvcm0lM0ElMjByb3RhdGUlMjgtOTBkZWclMjklM0IlMjAtbW96LXRyYW5zZm9ybSUzQSUyMHJvdGF0ZSUyOC05MGRlZyUyOSUzQiUyMC1tcy10cmFuc2Zvcm0lM0ElMjByb3RhdGUlMjgtOTBkZWclMjklM0IlMjAtby10cmFuc2Zvcm0lM0ElMjByb3RhdGUlMjgtOTBkZWclMjklM0IlMjB0cmFuc2Zvcm0lM0ElMjByb3RhdGUlMjgtOTBkZWclMjklM0IlMjB3aWR0aCUzQSUyMG1heC1jb250ZW50JTNCJTIwY29sb3IlM0ElMjAlMjNmZmZmZmYlM0IlMjIlM0VFbmdsaXNoJTI2bmJzcCUzQiUyMCUyNm5ic3AlM0IlMjAlMjZuYnNwJTNCJTIwJTI2bmJzcCUzQiUzQyUyRmg1JTNFJTNDJTJGYSUzRSUwQSUwOSUwOSUwOSUzQyUyRmRpdiUzRQ==[\/vc_raw_html][\/vc_column][vc_column width=&#8221;1\/2&#8243; overflow=&#8221;default&#8221;][vc_raw_html css=&#8221;.vc_custom_1580388824703{padding-left: 15% !important;}&#8221;]JTNDZGl2JTIwY2xhc3MlM0QlMjJjb250YWluZXIlMjBzaC1uYXYtY29udGFpbmVyJTIyJTNFJTBBJTA5JTA5JTA5JTA5JTA5JTA5JTA5JTNDdWwlMjBjbGFzcyUzRCUyMnNoLW5hdi1tb2JpbGUlMjIlM0UlMEElMEElMDklMDklMDklMDklMDklMDklMDklMDklM0NsaSUyMGlkJTNEJTIybWVudS1pdGVtLTk0OCUyMiUyMGNsYXNzJTNEJTIybWVudS1pdGVtJTIwbWVudS1pdGVtLXR5cGUtY3VzdG9tJTIwbWVudS1pdGVtLW9iamVjdC1jdXN0b20lMjBtZW51LWl0ZW0tOTQ4JTIyJTNFJTNDYSUyMGhyZWYlM0QlMjJodHRwJTNBJTJGJTJGYnJvZGFsLmVlJTJGZXQlMkZlc2lsZWh0JTJGJTIyJTNFQXZhbGVodCUzQyUyRmElM0UlM0MlMkZsaSUzRSUwQSUzQ2xpJTIwaWQlM0QlMjJtZW51LWl0ZW0tOTQ5JTIyJTIwY2xhc3MlM0QlMjJtZW51LWl0ZW0lMjBtZW51LWl0ZW0tdHlwZS1jdXN0b20lMjBtZW51LWl0ZW0tb2JqZWN0LWN1c3RvbSUyMG1lbnUtaXRlbS05NDklMjIlM0UlM0NhJTIwaHJlZiUzRCUyMmh0dHAlM0ElMkYlMkZicm9kYWwuZWUlMkZldCUyRm1lZXNrb25kJTJGJTIyJTNFTWVlc2tvbmQlM0MlMkZhJTNFJTNDJTJGbGklM0UlMEElM0NsaSUyMGlkJTNEJTIybWVudS1pdGVtLTEwNzUlMjIlMjBjbGFzcyUzRCUyMm1lbnUtaXRlbSUyMG1lbnUtaXRlbS10eXBlLXBvc3RfdHlwZSUyMG1lbnUtaXRlbS1vYmplY3QtcGFnZSUyMG1lbnUtaXRlbS0xMDc1JTIyJTNFJTNDYSUyMGhyZWYlM0QlMjJodHRwJTNBJTJGJTJGYnJvZGFsLmVlJTJGZXQlMkZwcm9qZWt0aWQlMkYlMjIlM0VQcm9qZWt0aWQlM0MlMkZhJTNFJTNDJTJGbGklM0UlMEElM0NsaSUyMGlkJTNEJTIybWVudS1pdGVtLTEwNzUlMjIlMjBjbGFzcyUzRCUyMm1lbnUtaXRlbSUyMG1lbnUtaXRlbS10eXBlLXBvc3RfdHlwZSUyMG1lbnUtaXRlbS1vYmplY3QtcGFnZSUyMG1lbnUtaXRlbS0xMDc1JTIyJTNFJTNDYSUyMGhyZWYlM0QlMjJodHRwJTNBJTJGJTJGYnJvZGFsLmVlJTJGZXQlMkZpbnZlc3RlZXJpbWluZSUyRiUyMiUzRUludmVzdGVlcmltaW5lJTNDJTJGYSUzRSUzQyUyRmxpJTNFJTBBJTNDbGklMjBpZCUzRCUyMm1lbnUtaXRlbS05NTElMjIlMjBjbGFzcyUzRCUyMm1lbnUtaXRlbSUyMG1lbnUtaXRlbS10eXBlLWN1c3RvbSUyMG1lbnUtaXRlbS1vYmplY3QtY3VzdG9tJTIwbWVudS1pdGVtLTk1MSUyMiUzRSUzQ2ElMjBocmVmJTNEJTIyaHR0cCUzQSUyRiUyRmJyb2RhbC5lZSUyRmV0JTJGa29udGFrdCUyRiUyMiUzRUtvbnRha3QlM0MlMkZhJTNFJTNDJTJGbGklM0UlMEElMDklMDklMDklMDklMDklMDklMDklM0MlMkZ1bCUzRSUwQSUwOSUwOSUwOSUwOSUwOSUwOSUzQyUyRmRpdiUzRQ==[\/vc_raw_html][\/vc_column][vc_column width=&#8221;5\/12&#8243; overflow=&#8221;default&#8221;][vc_raw_html]JTNDZGl2JTIwY2xhc3MlM0QlMjIlMjIlMjBzdHlsZSUzRCUyMmNvbG9yJTNBJTIwd2hpdGUlM0IlMjBwYWRkaW5nLWJvdHRvbSUzQSUyMDAlMjUlM0J3aWR0aCUzQSUyMDEwMCUyNSUzQiUyMiUzRSUwQSUwOSUwOSUwOSUzQ3NwYW4lMjBzdHlsZSUzRCUyMmZvbnQtc2l6ZSUzQSUyMGNhbGMlMjgwLjVlbSUyMCUyQiUyMDAuNXZ3JTI5JTNCJTIyJTNFRS1wb3N0JTNDJTJGc3BhbiUzRSUyMCUzQ3NwYW4lMjBzdHlsZSUzRCUyMmZvbnQtc2l6ZSUzQSUyMGNhbGMlMjgxZW0lMjAlMkIlMjAxdnclMjklM0IlMjBwYWRkaW5nLWxlZnQlM0ElMjAxMCUyNSUzQiUyMGNvbG9yJTNBJTIwJTIzMDA4ZDczJTNCJTIyJTNFaW5mbyU0MGJyb2RhbC5lZSUzQyUyRnNwYW4lM0UlM0NiciUzRSUzQ2JyJTNFJTNDYnIlM0UlM0NiciUzRSUwQSUwOSUwOSUwOSUzQ3NwYW4lMjBzdHlsZSUzRCUyMmZvbnQtc2l6ZSUzQSUyMGNhbGMlMjgwLjVlbSUyMCUyQiUyMDAuNXZ3JTI5JTNCJTIyJTNFQnJvZGFsJTIwSG9sZGluZyUyME8lQzMlOUMlM0MlMkZzcGFuJTNFJTIwJTNDYnIlM0UlM0NiciUzRSUwQSUwOSUwOSUwOSUzQ3NwYW4lM0VKLiUyMFMlQzMlQkN0aXN0ZSUyMHRlZSUyMDE5QS0xOTYlM0MlMkZzcGFuJTNFJTNDc3BhbiUyMHN0eWxlJTNEJTIycGFkZGluZy1sZWZ0JTNBJTIwMTAlMjUlM0IlMjIlM0VSZWclMjBubyUzQSUyMDExMjgwNDE2JTNDJTJGc3BhbiUzRSUyMCUzQ2JyJTNFJTBBJTA5JTA5JTA5JTNDc3BhbiUzRVRhbGxpbm4lMkMlMjBFc3RvbmlhJTJDJTIwMTM0MTklM0MlMkZzcGFuJTNFJTNDc3BhbiUyMHN0eWxlJTNEJTIycGFkZGluZy1sZWZ0JTNBJTIwMTAlMjUlM0IlMjIlM0VWQVQlMjBubyUzQSUyMEVFMTAxMzE1NzA0JTNDJTJGc3BhbiUzRSUyMCUzQ2JyJTNFJTBBJTA5JTA5JTA5JTBBJTA5JTA5JTA5JTNDJTJGZGl2JTNF[\/vc_raw_html][\/vc_column][\/vc_row][vc_row overflow=&#8221;default&#8221; css=&#8221;.vc_custom_1579965381256{padding-top: 5% !important;padding-bottom: 5% !important;background-color: #232332 !important;background-position: center !important;background-repeat: no-repeat !important;background-size: cover !important;}&#8221; el_class=&#8221;vc_hidden-lg vc_hidden-md&#8221;][vc_column width=&#8221;1\/12&#8243; overflow=&#8221;default&#8221;][vc_column_text css=&#8221;.vc_custom_1580389141960{padding-left: 15% !important;}&#8221;]<\/p>\n<h6><a lang=\"en-GB\" style=\"color: white;\" href=\"http:\/\/brodal.ee\/team\" hreflang=\"en-GB\">English<\/a><\/h6>\n<p>[\/vc_column_text][\/vc_column][vc_column width=&#8221;1\/2&#8243; overflow=&#8221;default&#8221;][vc_raw_html css=&#8221;.vc_custom_1580388835815{padding-left: 15% !important;}&#8221;]JTNDZGl2JTIwY2xhc3MlM0QlMjJjb250YWluZXIlMjBzaC1uYXYtY29udGFpbmVyJTIyJTNFJTBBJTA5JTA5JTA5JTA5JTA5JTA5JTA5JTNDdWwlMjBjbGFzcyUzRCUyMnNoLW5hdi1tb2JpbGUlMjIlM0UlMEElMEElMDklMDklMDklMDklMDklMDklMDklMDklM0NsaSUyMGlkJTNEJTIybWVudS1pdGVtLTk0OCUyMiUyMGNsYXNzJTNEJTIybWVudS1pdGVtJTIwbWVudS1pdGVtLXR5cGUtY3VzdG9tJTIwbWVudS1pdGVtLW9iamVjdC1jdXN0b20lMjBtZW51LWl0ZW0tOTQ4JTIyJTNFJTNDYSUyMGhyZWYlM0QlMjJodHRwJTNBJTJGJTJGYnJvZGFsLmVlJTJGZXQlMkZlc2lsZWh0JTJGJTIyJTNFQXZhbGVodCUzQyUyRmElM0UlM0MlMkZsaSUzRSUwQSUzQ2xpJTIwaWQlM0QlMjJtZW51LWl0ZW0tOTQ5JTIyJTIwY2xhc3MlM0QlMjJtZW51LWl0ZW0lMjBtZW51LWl0ZW0tdHlwZS1jdXN0b20lMjBtZW51LWl0ZW0tb2JqZWN0LWN1c3RvbSUyMG1lbnUtaXRlbS05NDklMjIlM0UlM0NhJTIwaHJlZiUzRCUyMmh0dHAlM0ElMkYlMkZicm9kYWwuZWUlMkZldCUyRm1lZXNrb25kJTJGJTIyJTNFTWVlc2tvbmQlM0MlMkZhJTNFJTNDJTJGbGklM0UlMEElM0NsaSUyMGlkJTNEJTIybWVudS1pdGVtLTEwNzUlMjIlMjBjbGFzcyUzRCUyMm1lbnUtaXRlbSUyMG1lbnUtaXRlbS10eXBlLXBvc3RfdHlwZSUyMG1lbnUtaXRlbS1vYmplY3QtcGFnZSUyMG1lbnUtaXRlbS0xMDc1JTIyJTNFJTNDYSUyMGhyZWYlM0QlMjJodHRwJTNBJTJGJTJGYnJvZGFsLmVlJTJGZXQlMkZwcm9qZWt0aWQlMkYlMjIlM0VQcm9qZWt0aWQlM0MlMkZhJTNFJTNDJTJGbGklM0UlMEElM0NsaSUyMGlkJTNEJTIybWVudS1pdGVtLTEwNzUlMjIlMjBjbGFzcyUzRCUyMm1lbnUtaXRlbSUyMG1lbnUtaXRlbS10eXBlLXBvc3RfdHlwZSUyMG1lbnUtaXRlbS1vYmplY3QtcGFnZSUyMG1lbnUtaXRlbS0xMDc1JTIyJTNFJTNDYSUyMGhyZWYlM0QlMjJodHRwJTNBJTJGJTJGYnJvZGFsLmVlJTJGZXQlMkZpbnZlc3RlZXJpbWluZSUyRiUyMiUzRUludmVzdGVlcmltaW5lJTNDJTJGYSUzRSUzQyUyRmxpJTNFJTBBJTNDbGklMjBpZCUzRCUyMm1lbnUtaXRlbS05NTElMjIlMjBjbGFzcyUzRCUyMm1lbnUtaXRlbSUyMG1lbnUtaXRlbS10eXBlLWN1c3RvbSUyMG1lbnUtaXRlbS1vYmplY3QtY3VzdG9tJTIwbWVudS1pdGVtLTk1MSUyMiUzRSUzQ2ElMjBocmVmJTNEJTIyaHR0cCUzQSUyRiUyRmJyb2RhbC5lZSUyRmV0JTJGa29udGFrdCUyRiUyMiUzRUtvbnRha3QlM0MlMkZhJTNFJTNDJTJGbGklM0UlMEElMDklMDklMDklMDklMDklMDklMDklM0MlMkZ1bCUzRSUwQSUwOSUwOSUwOSUwOSUwOSUwOSUzQyUyRmRpdiUzRQ==[\/vc_raw_html][\/vc_column][vc_column width=&#8221;5\/12&#8243; overflow=&#8221;default&#8221;][vc_raw_html css=&#8221;.vc_custom_1627390246632{padding-left: 15% !important;}&#8221;]JTNDZGl2JTIwY2xhc3MlM0QlMjIlMjIlMjBzdHlsZSUzRCUyMmNvbG9yJTNBJTIwd2hpdGUlM0IlMjBwYWRkaW5nLWJvdHRvbSUzQSUyMDAlMjUlM0J3aWR0aCUzQSUyMDEwMCUyNSUzQiUyMiUzRSUwQSUwOSUwOSUwOSUzQ3NwYW4lMjBzdHlsZSUzRCUyMmZvbnQtc2l6ZSUzQSUyMGNhbGMlMjgwLjVlbSUyMCUyQiUyMDAuNXZ3JTI5JTNCJTIyJTNFRS1wb3N0JTNDJTJGc3BhbiUzRSUyMCUzQ3NwYW4lMjBzdHlsZSUzRCUyMmZvbnQtc2l6ZSUzQSUyMGNhbGMlMjgxZW0lMjAlMkIlMjAxdnclMjklM0IlMjBwYWRkaW5nLWxlZnQlM0ElMjAxMCUyNSUzQiUyMGNvbG9yJTNBJTIwJTIzMDA4ZDczJTNCJTIyJTNFaW5mbyU0MGJyb2RhbC5lZSUzQyUyRnNwYW4lM0UlM0NiciUzRSUzQ2JyJTNFJTBBJTA5JTA5JTA5JTNDc3BhbiUyMHN0eWxlJTNEJTIyZm9udC1zaXplJTNBJTIwY2FsYyUyODAuN2VtJTIwJTJCJTIwMC43dnclMjklM0IlMjIlM0VCcm9kYWwlMjBIb2xkaW5nJTIwTyVDMyU5QyUzQyUyRnNwYW4lM0UlMjAlM0NiciUzRSUzQ2JyJTNFJTBBJTA5JTA5JTA5JTNDc3BhbiUyMHN0eWxlJTNEJTIyZm9udC1zaXplJTNBJTIwY2FsYyUyODAuNWVtJTIwJTJCJTIwMC41dnclMjklM0IlMjIlM0VKLiUyMFMlQzMlQkN0aXN0ZSUyMHRlZSUyMDE5QS0xOTYlM0MlMkZzcGFuJTNFJTNDc3BhbiUyMHN0eWxlJTNEJTIycGFkZGluZy1sZWZ0JTNBJTIwMTAlMjUlM0Jmb250LXNpemUlM0ElMjBjYWxjJTI4MC41ZW0lMjAlMkIlMjAwLjV2dyUyOSUzQiUyMiUzRVJlZyUyMG5vJTNBJTIwMTEyODA0MTYlM0MlMkZzcGFuJTNFJTIwJTNDYnIlM0UlMEElMDklMDklMDklM0NzcGFuJTIwc3R5bGUlM0QlMjJmb250LXNpemUlM0ElMjBjYWxjJTI4MC41ZW0lMjAlMkIlMjAwLjV2dyUyOSUzQiUyMiUzRVRhbGxpbm4lMkMlMjBFc3RvbmlhJTJDJTIwMTM0MTklM0MlMkZzcGFuJTNFJTNDc3BhbiUyMHN0eWxlJTNEJTIycGFkZGluZy1sZWZ0JTNBJTIwMTAlMjUlM0Jmb250LXNpemUlM0ElMjBjYWxjJTI4MC41ZW0lMjAlMkIlMjAwLjV2dyUyOSUzQiUyMiUzRVZBVCUyMG5vJTNBJTIwRUUxMDEzMTU3MDQlM0MlMkZzcGFuJTNFJTIwJTNDYnIlM0UlMEElMDklMDklMDklMEElMDklMDklMDklM0MlMkZkaXYlM0U=[\/vc_raw_html][\/vc_column][\/vc_row]<\/p>\n","protected":false},"excerpt":{"rendered":"<p>[vc_row overflow=&#8221;default&#8221; css=&#8221;.vc_custom_1579706312797{padding-top: 10% !important;}&#8221; margin_tablet=&#8221;30px 0px 30px 0px&#8221;][vc_column][vc_column_text css=&#8221;.vc_custom_1579880291245{padding-left: 20% !important;}&#8221;] Meie inimised [\/vc_column_text][\/vc_column][vc_column width=&#8221;1\/5&#8243; overflow=&#8221;default&#8221;][\/vc_column][vc_column width=&#8221;1\/5&#8243; max_width_alignment_mobile=&#8221;center&#8221; overflow=&#8221;default&#8221;] Gela Karl\u00f5\u0161ev Asutaja, juhatuse liige, tegevjuht Gela on l\u00f5petanud Tallinna Tehnika\u00fclikooli mehhaanikateaduskonna masinaehituse eriala. P\u00e4rast \u00fclikooli l\u00f5petamist t\u00f6\u00f6tas ta Estoplastis insener-mehhaanikuna. Seej\u00e4rel suundus ta eraettev\u00f5tlusse,&#8230;<\/p>\n","protected":false},"author":1,"featured_media":0,"parent":0,"menu_order":0,"comment_status":"closed","ping_status":"closed","template":"","meta":{"footnotes":""},"class_list":["post-1327","page","type-page","status-publish","hentry"],"_links":{"self":[{"href":"https:\/\/brodal.ee\/index.php?rest_route=\/wp\/v2\/pages\/1327","targetHints":{"allow":["GET"]}}],"collection":[{"href":"https:\/\/brodal.ee\/index.php?rest_route=\/wp\/v2\/pages"}],"about":[{"href":"https:\/\/brodal.ee\/index.php?rest_route=\/wp\/v2\/types\/page"}],"author":[{"embeddable":true,"href":"https:\/\/brodal.ee\/index.php?rest_route=\/wp\/v2\/users\/1"}],"replies":[{"embeddable":true,"href":"https:\/\/brodal.ee\/index.php?rest_route=%2Fwp%2Fv2%2Fcomments&post=1327"}],"version-history":[{"count":21,"href":"https:\/\/brodal.ee\/index.php?rest_route=\/wp\/v2\/pages\/1327\/revisions"}],"predecessor-version":[{"id":1794,"href":"https:\/\/brodal.ee\/index.php?rest_route=\/wp\/v2\/pages\/1327\/revisions\/1794"}],"wp:attachment":[{"href":"https:\/\/brodal.ee\/index.php?rest_route=%2Fwp%2Fv2%2Fmedia&parent=1327"}],"curies":[{"name":"wp","href":"https:\/\/api.w.org\/{rel}","templated":true}]}}